{"id":4695,"date":"2025-02-06T18:05:50","date_gmt":"2025-02-06T17:05:50","guid":{"rendered":"https:\/\/new.lambicus.com\/activitats\/"},"modified":"2025-02-18T17:37:01","modified_gmt":"2025-02-18T16:37:01","slug":"actividades","status":"publish","type":"page","link":"https:\/\/new.lambicus.com\/es\/actividades\/","title":{"rendered":"ACTIVIDADES"},"content":{"rendered":"<div class=\"em em-view-container\" id=\"em-view-1531324072\" data-view=\"event\">\r\n\t<div class=\"em em-item em-item-single em-event em-event-single em-event-22 \" id=\"em-event-1531324072\" data-view-id=\"1531324072\">\r\n\t\t<div class=\"event-single_wrapper row\">\r\n        <div class=\"event-single_content wgl_col-2 calendar\">\r\n            <h6><i class=\"flaticon flaticon-calendar\"><\/i>Fecha y hora:<\/h6>\r\n            <p style=\"padding-left: 29px;\">16 marzo 2025<\/br>\r\n            18:00 - 20:00<\/p>\r\n        <\/div>\r\n        \r\n        <div class=\"event-single_content wgl_col-3 location\">\r\n            <h6><i class=\"flaticon flaticon-placeholder\"><\/i>Ubicaci\u00f3n<\/h6>\r\n            <p style=\"padding-left: 29px;\"><a href=\"https:\/\/new.lambicus.com\/locations\/lambicus-bar\/\">Lambicus Bar - Sala Activitats<\/a><\/p>\r\n        <\/div>\r\n        \r\n        \r\n        \r\n        <div class=\"event-single_content wgl_col-3 button\">\r\n            <a class=\"wgl-button btn-size-xl\" href=\"#em-event-booking-form\" style=\"--icon-translate-y: 1px;\"><div class=\"button__content align-icon-left\"><div class=\"media-wrapper icon-wrapper\"><span class=\"wgl-icon\"><i class=\"icon elementor-icon flaticon-right\" aria-hidden=\"true\"><\/i><\/span><\/div><span class=\"button__text\">reserva ahora<\/span><\/div><\/a>\r\n        <\/div>\r\n        \r\n        <div class=\"wgl_col-12 wgl_delimeter\"><\/div>\r\n    <\/div>\r\n    <section class=\"em-event-content\">\r\n        \t\t<div data-elementor-type=\"wp-post\" data-elementor-id=\"5107\" class=\"elementor elementor-5107\" data-elementor-post-type=\"event\">\n\t\t\t\t\t\t<section class=\"elementor-section elementor-top-section elementor-element elementor-element-94dc1e2 elementor-section-boxed elementor-section-height-default elementor-section-height-default\" data-id=\"94dc1e2\" data-element_type=\"section\">\n\t\t\t\t\t\t<div class=\"elementor-container elementor-column-gap-default\">\n\t\t\t\t\t<div class=\"elementor-column elementor-col-50 elementor-top-column elementor-element elementor-element-c091702 sticky-sidebar\" data-id=\"c091702\" data-element_type=\"column\">\n\t\t\t<div class=\"elementor-widget-wrap elementor-element-populated\">\n\t\t\t\t\t\t<div class=\"elementor-element elementor-element-d8ebcd1 aleft elementor-widget elementor-widget-wgl-double-heading\" data-id=\"d8ebcd1\" data-element_type=\"widget\" data-widget_type=\"wgl-double-heading.default\">\n\t\t\t\t<div class=\"elementor-widget-container\">\n\t\t\t\t\t<div class=\"wgl-double-heading\"><div class=\"dblh__wrapper\"><h3 class=\"dblh__title-wrapper\"><span class=\"dblh__title dblh__title-1\">Un maridatge a 4 mans amb begudes i menjar fermentat<\/span><\/h3><\/div><\/div>\t\t\t\t<\/div>\n\t\t\t\t<\/div>\n\t\t\t\t\t<\/div>\n\t\t<\/div>\n\t\t\t\t<div class=\"elementor-column elementor-col-50 elementor-top-column elementor-element elementor-element-de89d58\" data-id=\"de89d58\" data-element_type=\"column\">\n\t\t\t<div class=\"elementor-widget-wrap elementor-element-populated\">\n\t\t\t\t\t\t<div class=\"elementor-element elementor-element-0eafe81 elementor-widget elementor-widget-text-editor\" data-id=\"0eafe81\" data-element_type=\"widget\" data-widget_type=\"text-editor.default\">\n\t\t\t\t<div class=\"elementor-widget-container\">\n\t\t\t\t\t\t\t\t\t<p><strong>Cerraremos el festival con una actividad de los 2 proyectos co-organizadores.<\/strong><br \/>Duraci\u00f3n: 2h &#8211; Actividad en Catal\u00e1n\/Castellano.<br \/><strong>SOLO 20 PLAZAS.<\/strong><\/p><p>Unimos la pasi\u00f3n por la cerveza de Henk de Lambicus Bar y Shop con la locura de Xavier de Brebel Beer y Ferment Project para ofreceros un maridaje elevado al cuadrado.<br \/>Ven a disfrutar de un maridaje \u00fanico, creado para la ocasi\u00f3n con bebidas fermentadas y comida fermentada.<br \/>Descubre c\u00f3mo funciona un maridaje, aprede a identificar lo qu\u00e9 funciona y lo qu\u00e9 no y las interacciones y juegos que se dan.<\/p><p>El maridaje ser\u00e1 el siguiente: 5 bebidas + degustaciones.<\/p><p>1. LIMITED EDITION LOV FERMENTS: 24 | HAMMURABI: Vino de d\u00e1tiles y s\u00e9samo 15 quiere (inspirado en receta del 1750 a. C) + Salm\u00f3n ahumado CARPIER con garum de levadura de cerveza FERMENT PROJECT.<br \/>2. Cerveza Belga abad\u00eda selecci\u00f3n especial de Henk de LAMBICUS + Queso de la misma abad\u00eda de piel lavada con la misma cerveza.<br \/>3. L\u00e0mbica selecci\u00f3n especial de Henk de LAMBICUS + Natto con arroz de KENSHO SAKE.<br \/>4. BRUTALE 2024 Brebel Beer + queso especial afinado en los cups de Xerigots.<br \/>5. IMPERIAL COCOA TENNESSEE BARREL AGED NITRO STOUT 10% vol. Brebel Beer + Chocolate CATCAO, cacao y muc\u00edlago. Contaremos con la presencia de Norbert de Catcao.<\/p>\t\t\t\t\t\t\t\t<\/div>\n\t\t\t\t<\/div>\n\t\t\t\t<div class=\"elementor-element elementor-element-ace359b elementor-widget elementor-widget-spacer\" data-id=\"ace359b\" data-element_type=\"widget\" data-widget_type=\"spacer.default\">\n\t\t\t\t<div class=\"elementor-widget-container\">\n\t\t\t\t\t\t\t<div class=\"elementor-spacer\">\n\t\t\t<div class=\"elementor-spacer-inner\"><\/div>\n\t\t<\/div>\n\t\t\t\t\t\t<\/div>\n\t\t\t\t<\/div>\n\t\t\t\t<div class=\"elementor-element elementor-element-4319cf5 elementor-widget elementor-widget-spacer\" data-id=\"4319cf5\" data-element_type=\"widget\" data-widget_type=\"spacer.default\">\n\t\t\t\t<div class=\"elementor-widget-container\">\n\t\t\t\t\t\t\t<div class=\"elementor-spacer\">\n\t\t\t<div class=\"elementor-spacer-inner\"><\/div>\n\t\t<\/div>\n\t\t\t\t\t\t<\/div>\n\t\t\t\t<\/div>\n\t\t\t\t\t<\/div>\n\t\t<\/div>\n\t\t\t\t\t<\/div>\n\t\t<\/section>\n\t\t\t\t<section class=\"elementor-section elementor-top-section elementor-element elementor-element-4ad8887 elementor-section-boxed elementor-section-height-default elementor-section-height-default\" data-id=\"4ad8887\" data-element_type=\"section\">\n\t\t\t\t\t\t<div class=\"elementor-container elementor-column-gap-default\">\n\t\t\t\t\t<div class=\"elementor-column elementor-col-50 elementor-top-column elementor-element elementor-element-8d60879 sticky-sidebar\" data-id=\"8d60879\" data-element_type=\"column\">\n\t\t\t<div class=\"elementor-widget-wrap elementor-element-populated\">\n\t\t\t\t\t\t<div class=\"elementor-element elementor-element-bfb33ef aleft elementor-widget elementor-widget-wgl-double-heading\" data-id=\"bfb33ef\" data-element_type=\"widget\" data-widget_type=\"wgl-double-heading.default\">\n\t\t\t\t<div class=\"elementor-widget-container\">\n\t\t\t\t\t<div class=\"wgl-double-heading\"><div class=\"dblh__wrapper\"><h3 class=\"dblh__title-wrapper\"><span class=\"dblh__title dblh__title-1\">speakers<\/span><\/h3><\/div><\/div>\t\t\t\t<\/div>\n\t\t\t\t<\/div>\n\t\t\t\t\t<\/div>\n\t\t<\/div>\n\t\t\t\t<div class=\"elementor-column elementor-col-50 elementor-top-column elementor-element elementor-element-4fe426f\" data-id=\"4fe426f\" data-element_type=\"column\">\n\t\t\t<div class=\"elementor-widget-wrap elementor-element-populated\">\n\t\t\t\t\t\t<div class=\"elementor-element elementor-element-2b168be aleft elementor-widget elementor-widget-wgl-team\" data-id=\"2b168be\" data-element_type=\"widget\" data-widget_type=\"wgl-team.default\">\n\t\t\t\t<div class=\"elementor-widget-container\">\n\t\t\t\t\t<section class=\"wgl_module_team\"><div class=\"team__members grid-col--2\"><article class=\"team__member\"><div class=\"member__wrapper\"><div class=\"member__media\"><a href=\"https:\/\/new.lambicus.com\/es\/events\/maridaje-fermentado%c2%b2-lambicus-ferment-project\/\" class=\"member__thumbnail\"><img decoding=\"async\" src=\"https:\/\/new.lambicus.com\/wp-content\/uploads\/2025\/02\/henk-cortier-lambicus-bcn-frmnt-festival-barcelona-720x840.webp\" class=\"thumbnail__featured\" alt=\"Henk Cortier Lambicus Bcn\"><\/a><div class=\"member__socials\"><a href=\"https:\/\/instagram.com\/lambicusbcn\" class=\"social__icon fab fa-instagram\"><\/a><\/div><\/div><div class=\"member__info-wrapper\"><div class=\"member__info\"><div class=\"member__meta-wrapper\"><div class=\"member__meta\"><div class=\"member__highlighted\">@lambicusbcn<\/div><h2 class=\"member__name\"><a href=\"https:\/\/new.lambicus.com\/es\/events\/maridaje-fermentado%c2%b2-lambicus-ferment-project\/\">Henk Cortier<\/a><\/h2><\/div><div class=\"member__icon\"><i class=\"flaticon flaticon-right-arrow\"><\/i><\/div><\/div><\/div><\/div><\/div><\/article><article class=\"team__member\"><div class=\"member__wrapper\"><div class=\"member__media\"><a href=\"https:\/\/new.lambicus.com\/es\/events\/maridaje-fermentado%c2%b2-lambicus-ferment-project\/\" class=\"member__thumbnail\"><img decoding=\"async\" src=\"https:\/\/new.lambicus.com\/wp-content\/uploads\/2023\/05\/xavier-ramon-frmnt-festival-barcelona-720x840.webp\" class=\"thumbnail__featured\" alt=\"Xavier Ramon Ferment Project\"><\/a><div class=\"member__socials\"><a href=\"https:\/\/www.instagram.com\/ferment_project\/\" class=\"social__icon fab fa-instagram\"><\/a><\/div><\/div><div class=\"member__info-wrapper\"><div class=\"member__info\"><div class=\"member__meta-wrapper\"><div class=\"member__meta\"><div class=\"member__highlighted\">@ferment_project<\/div><h2 class=\"member__name\"><a href=\"https:\/\/new.lambicus.com\/es\/events\/maridaje-fermentado%c2%b2-lambicus-ferment-project\/\">Xavier Ramon<\/a><\/h2><\/div><div class=\"member__icon\"><i class=\"flaticon flaticon-right-arrow\"><\/i><\/div><\/div><\/div><\/div><\/div><\/article><\/div><\/section>\t\t\t\t<\/div>\n\t\t\t\t<\/div>\n\t\t\t\t\t<\/div>\n\t\t<\/div>\n\t\t\t\t\t<\/div>\n\t\t<\/section>\n\t\t\t\t<\/div>\n\t\t\r\n    <\/section>\r\n    \r\n    <section class=\"em-event-bookings\">\r\n        <a name=\"em-event-booking-form\"><\/a>\r\n        <h2>Reservas<\/h2>\r\n        <div class=\"em em-hide-dynamic em-event-booking-form input\" id=\"event-booking-form-22\" data-id=\"22\">\n\t\t\t\t<p>This event is fully booked.<\/p>\t\t<\/div>\r\n    <\/section>\r\n\t<\/div>\r\n<\/div>\r\n\t","protected":false},"excerpt":{"rendered":"<p>when &#038; who ACTIVITATS \/ WORKSHOPS Workshop Descubre el Garum \u2013 Jos\u00e9 de la Rosa 38,00\u20ac mar\u00e7 15, 2025 11:30 am &#8211; 1:30 pm Nau Bostik &#8211; Sala Principal Activitats m\u00e1s informaci\u00f3n Conference Nutrici\u00f3n y Salud &#8211; Javi Maeztu 16,00\u20ac mar\u00e7 15, 2025 5:30 pm &#8211; 7:00 pm Nau Bostik &#8211; Sala Principal Activitats m\u00e1s [&hellip;]<\/p>\n","protected":false},"author":2,"featured_media":4671,"parent":0,"menu_order":0,"comment_status":"closed","ping_status":"closed","template":"","meta":{"footnotes":""},"class_list":["post-4695","page","type-page","status-publish","has-post-thumbnail","hentry"],"yoast_head":"<!-- This site is optimized with the Yoast SEO plugin v24.5 - https:\/\/yoast.com\/wordpress\/plugins\/seo\/ -->\n<title>ACTIVIDADES - Lambicus Espai Cerveser<\/title>\n<meta name=\"description\" content=\"Activitats, workshops, maridatges i pon\u00e8ncies sobre fermentaci\u00f3. Amb els millors projectes de fermentaci\u00f3 del pa\u00eds. Reserva tickets online!\" \/>\n<meta name=\"robots\" content=\"index, follow, max-snippet:-1, max-image-preview:large, max-video-preview:-1\" \/>\n<link rel=\"canonical\" href=\"https:\/\/new.lambicus.com\/es\/actividades\/\" \/>\n<meta property=\"og:locale\" content=\"es_ES\" \/>\n<meta property=\"og:type\" content=\"article\" \/>\n<meta property=\"og:title\" content=\"ACTIVIDADES - Lambicus Espai Cerveser\" \/>\n<meta property=\"og:description\" content=\"Activitats, workshops, maridatges i pon\u00e8ncies sobre fermentaci\u00f3. Amb els millors projectes de fermentaci\u00f3 del pa\u00eds. Reserva tickets online!\" \/>\n<meta property=\"og:url\" content=\"https:\/\/new.lambicus.com\/es\/actividades\/\" \/>\n<meta property=\"og:site_name\" content=\"Lambicus Espai Cerveser\" \/>\n<meta property=\"article:modified_time\" content=\"2025-02-18T16:37:01+00:00\" \/>\n<meta property=\"og:image\" content=\"https:\/\/new.lambicus.com\/wp-content\/uploads\/2025\/02\/pop-up-lunch-fermented-freelance-fermentades-frmnt-festival-bravasa.webp\" \/>\n\t<meta property=\"og:image:width\" content=\"1170\" \/>\n\t<meta property=\"og:image:height\" content=\"690\" \/>\n\t<meta property=\"og:image:type\" content=\"image\/webp\" \/>\n<meta name=\"twitter:card\" content=\"summary_large_image\" \/>\n<meta name=\"twitter:label1\" content=\"Tiempo de lectura\" \/>\n\t<meta name=\"twitter:data1\" content=\"1 minuto\" \/>\n<script type=\"application\/ld+json\" class=\"yoast-schema-graph\">{\"@context\":\"https:\/\/schema.org\",\"@graph\":[{\"@type\":\"WebPage\",\"@id\":\"https:\/\/new.lambicus.com\/es\/actividades\/\",\"url\":\"https:\/\/new.lambicus.com\/es\/actividades\/\",\"name\":\"ACTIVIDADES - Lambicus Espai Cerveser\",\"isPartOf\":{\"@id\":\"https:\/\/new.lambicus.com\/#website\"},\"primaryImageOfPage\":{\"@id\":\"https:\/\/new.lambicus.com\/es\/actividades\/#primaryimage\"},\"image\":{\"@id\":\"https:\/\/new.lambicus.com\/es\/actividades\/#primaryimage\"},\"thumbnailUrl\":\"https:\/\/new.lambicus.com\/wp-content\/uploads\/2025\/02\/pop-up-lunch-fermented-freelance-fermentades-frmnt-festival-bravasa.webp\",\"datePublished\":\"2025-02-06T17:05:50+00:00\",\"dateModified\":\"2025-02-18T16:37:01+00:00\",\"description\":\"Activitats, workshops, maridatges i pon\u00e8ncies sobre fermentaci\u00f3. Amb els millors projectes de fermentaci\u00f3 del pa\u00eds. Reserva tickets online!\",\"breadcrumb\":{\"@id\":\"https:\/\/new.lambicus.com\/es\/actividades\/#breadcrumb\"},\"inLanguage\":\"es\",\"potentialAction\":[{\"@type\":\"ReadAction\",\"target\":[\"https:\/\/new.lambicus.com\/es\/actividades\/\"]}]},{\"@type\":\"ImageObject\",\"inLanguage\":\"es\",\"@id\":\"https:\/\/new.lambicus.com\/es\/actividades\/#primaryimage\",\"url\":\"https:\/\/new.lambicus.com\/wp-content\/uploads\/2025\/02\/pop-up-lunch-fermented-freelance-fermentades-frmnt-festival-bravasa.webp\",\"contentUrl\":\"https:\/\/new.lambicus.com\/wp-content\/uploads\/2025\/02\/pop-up-lunch-fermented-freelance-fermentades-frmnt-festival-bravasa.webp\",\"width\":1170,\"height\":690},{\"@type\":\"BreadcrumbList\",\"@id\":\"https:\/\/new.lambicus.com\/es\/actividades\/#breadcrumb\",\"itemListElement\":[{\"@type\":\"ListItem\",\"position\":1,\"name\":\"Inici\",\"item\":\"https:\/\/new.lambicus.com\/\"},{\"@type\":\"ListItem\",\"position\":2,\"name\":\"ACTIVIDADES\"}]},{\"@type\":\"WebSite\",\"@id\":\"https:\/\/new.lambicus.com\/#website\",\"url\":\"https:\/\/new.lambicus.com\/\",\"name\":\"FRMNT FESTIVAL 2025\",\"description\":\"Cervesa Belga a Barcelona\",\"publisher\":{\"@id\":\"https:\/\/new.lambicus.com\/#organization\"},\"alternateName\":\"FRMNT FESTIVAL\",\"potentialAction\":[{\"@type\":\"SearchAction\",\"target\":{\"@type\":\"EntryPoint\",\"urlTemplate\":\"https:\/\/new.lambicus.com\/?s={search_term_string}\"},\"query-input\":{\"@type\":\"PropertyValueSpecification\",\"valueRequired\":true,\"valueName\":\"search_term_string\"}}],\"inLanguage\":\"es\"},{\"@type\":\"Organization\",\"@id\":\"https:\/\/new.lambicus.com\/#organization\",\"name\":\"FRMNT FESTIVAL 2025\",\"url\":\"https:\/\/new.lambicus.com\/\",\"logo\":{\"@type\":\"ImageObject\",\"inLanguage\":\"es\",\"@id\":\"https:\/\/new.lambicus.com\/#\/schema\/logo\/image\/\",\"url\":\"https:\/\/new.lambicus.com\/wp-content\/uploads\/2025\/01\/coming-soon.jpg\",\"contentUrl\":\"https:\/\/new.lambicus.com\/wp-content\/uploads\/2025\/01\/coming-soon.jpg\",\"width\":1600,\"height\":1068,\"caption\":\"FRMNT FESTIVAL 2025\"},\"image\":{\"@id\":\"https:\/\/new.lambicus.com\/#\/schema\/logo\/image\/\"},\"sameAs\":[\"https:\/\/www.instagram.com\/frmnt_festival\/\"]}]}<\/script>\n<!-- \/ Yoast SEO plugin. -->","yoast_head_json":{"title":"ACTIVIDADES - Lambicus Espai Cerveser","description":"Activitats, workshops, maridatges i pon\u00e8ncies sobre fermentaci\u00f3. Amb els millors projectes de fermentaci\u00f3 del pa\u00eds. Reserva tickets online!","robots":{"index":"index","follow":"follow","max-snippet":"max-snippet:-1","max-image-preview":"max-image-preview:large","max-video-preview":"max-video-preview:-1"},"canonical":"https:\/\/new.lambicus.com\/es\/actividades\/","og_locale":"es_ES","og_type":"article","og_title":"ACTIVIDADES - Lambicus Espai Cerveser","og_description":"Activitats, workshops, maridatges i pon\u00e8ncies sobre fermentaci\u00f3. Amb els millors projectes de fermentaci\u00f3 del pa\u00eds. Reserva tickets online!","og_url":"https:\/\/new.lambicus.com\/es\/actividades\/","og_site_name":"Lambicus Espai Cerveser","article_modified_time":"2025-02-18T16:37:01+00:00","og_image":[{"width":1170,"height":690,"url":"https:\/\/new.lambicus.com\/wp-content\/uploads\/2025\/02\/pop-up-lunch-fermented-freelance-fermentades-frmnt-festival-bravasa.webp","type":"image\/webp"}],"twitter_card":"summary_large_image","twitter_misc":{"Tiempo de lectura":"1 minuto"},"schema":{"@context":"https:\/\/schema.org","@graph":[{"@type":"WebPage","@id":"https:\/\/new.lambicus.com\/es\/actividades\/","url":"https:\/\/new.lambicus.com\/es\/actividades\/","name":"ACTIVIDADES - Lambicus Espai Cerveser","isPartOf":{"@id":"https:\/\/new.lambicus.com\/#website"},"primaryImageOfPage":{"@id":"https:\/\/new.lambicus.com\/es\/actividades\/#primaryimage"},"image":{"@id":"https:\/\/new.lambicus.com\/es\/actividades\/#primaryimage"},"thumbnailUrl":"https:\/\/new.lambicus.com\/wp-content\/uploads\/2025\/02\/pop-up-lunch-fermented-freelance-fermentades-frmnt-festival-bravasa.webp","datePublished":"2025-02-06T17:05:50+00:00","dateModified":"2025-02-18T16:37:01+00:00","description":"Activitats, workshops, maridatges i pon\u00e8ncies sobre fermentaci\u00f3. Amb els millors projectes de fermentaci\u00f3 del pa\u00eds. Reserva tickets online!","breadcrumb":{"@id":"https:\/\/new.lambicus.com\/es\/actividades\/#breadcrumb"},"inLanguage":"es","potentialAction":[{"@type":"ReadAction","target":["https:\/\/new.lambicus.com\/es\/actividades\/"]}]},{"@type":"ImageObject","inLanguage":"es","@id":"https:\/\/new.lambicus.com\/es\/actividades\/#primaryimage","url":"https:\/\/new.lambicus.com\/wp-content\/uploads\/2025\/02\/pop-up-lunch-fermented-freelance-fermentades-frmnt-festival-bravasa.webp","contentUrl":"https:\/\/new.lambicus.com\/wp-content\/uploads\/2025\/02\/pop-up-lunch-fermented-freelance-fermentades-frmnt-festival-bravasa.webp","width":1170,"height":690},{"@type":"BreadcrumbList","@id":"https:\/\/new.lambicus.com\/es\/actividades\/#breadcrumb","itemListElement":[{"@type":"ListItem","position":1,"name":"Inici","item":"https:\/\/new.lambicus.com\/"},{"@type":"ListItem","position":2,"name":"ACTIVIDADES"}]},{"@type":"WebSite","@id":"https:\/\/new.lambicus.com\/#website","url":"https:\/\/new.lambicus.com\/","name":"FRMNT FESTIVAL 2025","description":"Cervesa Belga a Barcelona","publisher":{"@id":"https:\/\/new.lambicus.com\/#organization"},"alternateName":"FRMNT FESTIVAL","potentialAction":[{"@type":"SearchAction","target":{"@type":"EntryPoint","urlTemplate":"https:\/\/new.lambicus.com\/?s={search_term_string}"},"query-input":{"@type":"PropertyValueSpecification","valueRequired":true,"valueName":"search_term_string"}}],"inLanguage":"es"},{"@type":"Organization","@id":"https:\/\/new.lambicus.com\/#organization","name":"FRMNT FESTIVAL 2025","url":"https:\/\/new.lambicus.com\/","logo":{"@type":"ImageObject","inLanguage":"es","@id":"https:\/\/new.lambicus.com\/#\/schema\/logo\/image\/","url":"https:\/\/new.lambicus.com\/wp-content\/uploads\/2025\/01\/coming-soon.jpg","contentUrl":"https:\/\/new.lambicus.com\/wp-content\/uploads\/2025\/01\/coming-soon.jpg","width":1600,"height":1068,"caption":"FRMNT FESTIVAL 2025"},"image":{"@id":"https:\/\/new.lambicus.com\/#\/schema\/logo\/image\/"},"sameAs":["https:\/\/www.instagram.com\/frmnt_festival\/"]}]}},"_hostinger_reach_plugin_has_subscription_block":false,"_hostinger_reach_plugin_is_elementor":false,"_links":{"self":[{"href":"https:\/\/new.lambicus.com\/es\/wp-json\/wp\/v2\/pages\/4695","targetHints":{"allow":["GET"]}}],"collection":[{"href":"https:\/\/new.lambicus.com\/es\/wp-json\/wp\/v2\/pages"}],"about":[{"href":"https:\/\/new.lambicus.com\/es\/wp-json\/wp\/v2\/types\/page"}],"author":[{"embeddable":true,"href":"https:\/\/new.lambicus.com\/es\/wp-json\/wp\/v2\/users\/2"}],"replies":[{"embeddable":true,"href":"https:\/\/new.lambicus.com\/es\/wp-json\/wp\/v2\/comments?post=4695"}],"version-history":[{"count":9,"href":"https:\/\/new.lambicus.com\/es\/wp-json\/wp\/v2\/pages\/4695\/revisions"}],"predecessor-version":[{"id":4781,"href":"https:\/\/new.lambicus.com\/es\/wp-json\/wp\/v2\/pages\/4695\/revisions\/4781"}],"wp:featuredmedia":[{"embeddable":true,"href":"https:\/\/new.lambicus.com\/es\/wp-json\/wp\/v2\/media\/4671"}],"wp:attachment":[{"href":"https:\/\/new.lambicus.com\/es\/wp-json\/wp\/v2\/media?parent=4695"}],"curies":[{"name":"wp","href":"https:\/\/api.w.org\/{rel}","templated":true}]}}